{"id":50581,"date":"2021-08-15T20:42:16","date_gmt":"2021-08-15T18:42:16","guid":{"rendered":"https:\/\/garenal.hu\/kapcsolat\/"},"modified":"2023-01-11T11:13:03","modified_gmt":"2023-01-11T09:13:03","slug":"kontakt","status":"publish","type":"page","link":"https:\/\/garenal.hu\/pl\/kontakt\/","title":{"rendered":"Kontakt"},"content":{"rendered":"<p>[et_pb_section fb_built=&#8221;1&#8243; _builder_version=&#8221;4.10.4&#8243; _module_preset=&#8221;default&#8221; background_color=&#8221;#462749&#8243; use_background_color_gradient=&#8221;on&#8221; background_color_gradient_start=&#8221;#00aa9d&#8221; background_color_gradient_end=&#8221;#000000&#8243; background_color_gradient_direction=&#8221;80deg&#8221; custom_padding=&#8221;20px||20px||true|&#8221; box_shadow_style=&#8221;preset3&#8243; box_shadow_spread=&#8221;-10px&#8221; global_colors_info=&#8221;{}&#8221;][et_pb_row _builder_version=&#8221;4.8.1&#8243; _module_preset=&#8221;default&#8221; global_colors_info=&#8221;{}&#8221;][et_pb_column type=&#8221;4_4&#8243; _builder_version=&#8221;4.8.1&#8243; _module_preset=&#8221;default&#8221; global_colors_info=&#8221;{}&#8221;][et_pb_text _builder_version=&#8221;4.10.4&#8243; _dynamic_attributes=&#8221;content&#8221; _module_preset=&#8221;default&#8221; link_font=&#8221;DM Sans|800||on|||||&#8221; link_text_align=&#8221;center&#8221; link_text_color=&#8221;#FFFFFF&#8221; link_font_size=&#8221;30px&#8221; header_font=&#8221;||||||||&#8221; header_line_height=&#8221;1.4em&#8221; header_2_text_align=&#8221;center&#8221; header_2_font_size=&#8221;44px&#8221; header_2_line_height=&#8221;1.4em&#8221; text_orientation=&#8221;center&#8221; header_2_font_size_tablet=&#8221;40px&#8221; header_2_font_size_phone=&#8221;34px&#8221; header_2_font_size_last_edited=&#8221;on|phone&#8221; global_colors_info=&#8221;{}&#8221; header_2_font_size__hover_enabled=&#8221;off|desktop&#8221;]@ET-DC@eyJkeW5hbWljIjp0cnVlLCJjb250ZW50IjoicG9zdF9saW5rIiwic2V0dGluZ3MiOnsiYmVmb3JlIjoiIiwiYWZ0ZXIiOiIiLCJ0ZXh0IjoicG9zdF90aXRsZSIsImN1c3RvbV90ZXh0IjoiIn19@[\/et_pb_text][\/et_pb_column][\/et_pb_row][\/et_pb_section][et_pb_section fb_built=&#8221;1&#8243; _builder_version=&#8221;3.23.3&#8243; custom_padding=&#8221;80px|0px|80px|0px|true|false&#8221; global_colors_info=&#8221;{}&#8221;][et_pb_row column_structure=&#8221;3_5,2_5&#8243; _builder_version=&#8221;3.25&#8243; global_colors_info=&#8221;{}&#8221;][et_pb_column type=&#8221;3_5&#8243; _builder_version=&#8221;3.25&#8243; custom_padding=&#8221;|||&#8221; global_colors_info=&#8221;{}&#8221; custom_padding__hover=&#8221;|||&#8221;][et_pb_contact_form captcha=&#8221;off&#8221; email=&#8221;info@garenal.eu&#8221; title=&#8221;Masz pytanie? Utknales?&#8221; custom_message=&#8221;N\u00e9v: %%Name%%||et_pb_line_break_holder||E-mail c\u00edm: %%Email_2%%||et_pb_line_break_holder||Telefonsz\u00e1m: %%phone%%||et_pb_line_break_holder||||et_pb_line_break_holder||\u00dczenet: %%Message%%||et_pb_line_break_holder||||et_pb_line_break_holder||Adatv\u00e9delmi t\u00e1j\u00e9koztat\u00f3: %%gdpr%%||et_pb_line_break_holder||||et_pb_line_break_holder||Ez az \u00fczenet a garenal.hu kapcsolatfelv\u00e9teli \u0171rlapb\u00f3l \u00e9rkezett!&#8221; use_redirect=&#8221;on&#8221; redirect_url=&#8221;https:\/\/garenal.hu\/sikeres-uzenet-kuldes\/&#8221; submit_button_text=&#8221;wysylanie&#8221; module_id=&#8221;et_pb_contact_form_0&#8243; _builder_version=&#8221;4.14.2&#8243; _unique_id=&#8221;9aa17323-e235-491a-9394-d1444a6f0908&#8243; form_field_background_color=&#8221;rgba(0,0,0,0)&#8221; form_field_text_color=&#8221;#3a3a3a&#8221; title_font=&#8221;DM Sans|800|||||||&#8221; title_text_color=&#8221;#000000&#8243; title_font_size=&#8221;30px&#8221; title_line_height=&#8221;1.3em&#8221; form_field_font=&#8221;DM Sans|600||on|||||&#8221; form_field_font_size=&#8221;18px&#8221; form_field_line_height=&#8221;1.6em&#8221; custom_button=&#8221;on&#8221; button_text_size=&#8221;14px&#8221; button_text_color=&#8221;#ffffff&#8221; button_bg_color=&#8221;#303C55&#8243; button_border_width=&#8221;10px&#8221; button_border_color=&#8221;RGBA(0,0,0,0)&#8221; button_border_radius=&#8221;9px&#8221; button_letter_spacing=&#8221;1px&#8221; button_font=&#8221;Poppins|||on|||||&#8221; button_icon=&#8221;&#x24;||divi||400&#8243; button_on_hover=&#8221;off&#8221; custom_margin_tablet=&#8221;&#8221; custom_margin_phone=&#8221;||40px&#8221; custom_margin_last_edited=&#8221;on|desktop&#8221; title_font_size_tablet=&#8221;&#8221; title_font_size_phone=&#8221;25px&#8221; title_font_size_last_edited=&#8221;on|desktop&#8221; border_radii=&#8221;on|18px|18px|18px|18px&#8221; border_width_all=&#8221;1px&#8221; border_color_all=&#8221;#00AA9D&#8221; form_background_color=&#8221;rgba(0,0,0,0)&#8221; global_colors_info=&#8221;{}&#8221; button_bg_color__hover_enabled=&#8221;off|desktop&#8221; button_bg_color__hover=&#8221;#bfbfbf&#8221; button_border_color__hover_enabled=&#8221;off|desktop&#8221; button_border_color__hover=&#8221;#bfbfbf&#8221; button_text_color__hover=&#8221;#000000&#8243; button_text_color__hover_enabled=&#8221;off|desktop&#8221; button_letter_spacing__hover=&#8221;2px&#8221; button_letter_spacing__hover_enabled=&#8221;on&#8221; button_text_color_hover=&#8221;#ffffff&#8221; button_bg_color_hover=&#8221;#297FCA&#8221; button_border_color_hover=&#8221;#297FCA&#8221;][et_pb_contact_field field_id=&#8221;Name&#8221; field_title=&#8221;Nazva*&#8221; _builder_version=&#8221;4.14.2&#8243; global_colors_info=&#8221;{}&#8221; button_text_size__hover_enabled=&#8221;off&#8221; button_one_text_size__hover_enabled=&#8221;off&#8221; button_two_text_size__hover_enabled=&#8221;off&#8221; button_text_color__hover_enabled=&#8221;off&#8221; button_one_text_color__hover_enabled=&#8221;off&#8221; button_two_text_color__hover_enabled=&#8221;off&#8221; button_border_width__hover_enabled=&#8221;off&#8221; button_one_border_width__hover_enabled=&#8221;off&#8221; button_two_border_width__hover_enabled=&#8221;off&#8221; button_border_color__hover_enabled=&#8221;off&#8221; button_one_border_color__hover_enabled=&#8221;off&#8221; button_two_border_color__hover_enabled=&#8221;off&#8221; button_border_radius__hover_enabled=&#8221;off&#8221; button_one_border_radius__hover_enabled=&#8221;off&#8221; button_two_border_radius__hover_enabled=&#8221;off&#8221; button_letter_spacing__hover_enabled=&#8221;off&#8221; button_one_letter_spacing__hover_enabled=&#8221;off&#8221; button_two_letter_spacing__hover_enabled=&#8221;off&#8221; button_bg_color__hover_enabled=&#8221;off&#8221; button_one_bg_color__hover_enabled=&#8221;off&#8221; button_two_bg_color__hover_enabled=&#8221;off&#8221;][\/et_pb_contact_field][et_pb_contact_field field_id=&#8221;Email_2&#8243; field_title=&#8221;E-mail*&#8221; field_type=&#8221;email&#8221; _builder_version=&#8221;4.14.2&#8243; global_colors_info=&#8221;{}&#8221; button_text_size__hover_enabled=&#8221;off&#8221; button_one_text_size__hover_enabled=&#8221;off&#8221; button_two_text_size__hover_enabled=&#8221;off&#8221; button_text_color__hover_enabled=&#8221;off&#8221; button_one_text_color__hover_enabled=&#8221;off&#8221; button_two_text_color__hover_enabled=&#8221;off&#8221; button_border_width__hover_enabled=&#8221;off&#8221; button_one_border_width__hover_enabled=&#8221;off&#8221; button_two_border_width__hover_enabled=&#8221;off&#8221; button_border_color__hover_enabled=&#8221;off&#8221; button_one_border_color__hover_enabled=&#8221;off&#8221; button_two_border_color__hover_enabled=&#8221;off&#8221; button_border_radius__hover_enabled=&#8221;off&#8221; button_one_border_radius__hover_enabled=&#8221;off&#8221; button_two_border_radius__hover_enabled=&#8221;off&#8221; button_letter_spacing__hover_enabled=&#8221;off&#8221; button_one_letter_spacing__hover_enabled=&#8221;off&#8221; button_two_letter_spacing__hover_enabled=&#8221;off&#8221; button_bg_color__hover_enabled=&#8221;off&#8221; button_one_bg_color__hover_enabled=&#8221;off&#8221; button_two_bg_color__hover_enabled=&#8221;off&#8221;][\/et_pb_contact_field][et_pb_contact_field field_id=&#8221;phone&#8221; field_title=&#8221;Numer telefonu&#8221; required_mark=&#8221;off&#8221; fullwidth_field=&#8221;on&#8221; _builder_version=&#8221;4.14.2&#8243; global_colors_info=&#8221;{}&#8221; button_text_size__hover_enabled=&#8221;off&#8221; button_one_text_size__hover_enabled=&#8221;off&#8221; button_two_text_size__hover_enabled=&#8221;off&#8221; button_text_color__hover_enabled=&#8221;off&#8221; button_one_text_color__hover_enabled=&#8221;off&#8221; button_two_text_color__hover_enabled=&#8221;off&#8221; button_border_width__hover_enabled=&#8221;off&#8221; button_one_border_width__hover_enabled=&#8221;off&#8221; button_two_border_width__hover_enabled=&#8221;off&#8221; button_border_color__hover_enabled=&#8221;off&#8221; button_one_border_color__hover_enabled=&#8221;off&#8221; button_two_border_color__hover_enabled=&#8221;off&#8221; button_border_radius__hover_enabled=&#8221;off&#8221; button_one_border_radius__hover_enabled=&#8221;off&#8221; button_two_border_radius__hover_enabled=&#8221;off&#8221; button_letter_spacing__hover_enabled=&#8221;off&#8221; button_one_letter_spacing__hover_enabled=&#8221;off&#8221; button_two_letter_spacing__hover_enabled=&#8221;off&#8221; button_bg_color__hover_enabled=&#8221;off&#8221; button_one_bg_color__hover_enabled=&#8221;off&#8221; button_two_bg_color__hover_enabled=&#8221;off&#8221;][\/et_pb_contact_field][et_pb_contact_field field_id=&#8221;Message&#8221; field_title=&#8221;wiadomo\u015b\u0107*&#8221; field_type=&#8221;text&#8221; fullwidth_field=&#8221;on&#8221; _builder_version=&#8221;4.14.2&#8243; global_colors_info=&#8221;{}&#8221; button_text_size__hover_enabled=&#8221;off&#8221; button_one_text_size__hover_enabled=&#8221;off&#8221; button_two_text_size__hover_enabled=&#8221;off&#8221; button_text_color__hover_enabled=&#8221;off&#8221; button_one_text_color__hover_enabled=&#8221;off&#8221; button_two_text_color__hover_enabled=&#8221;off&#8221; button_border_width__hover_enabled=&#8221;off&#8221; button_one_border_width__hover_enabled=&#8221;off&#8221; button_two_border_width__hover_enabled=&#8221;off&#8221; button_border_color__hover_enabled=&#8221;off&#8221; button_one_border_color__hover_enabled=&#8221;off&#8221; button_two_border_color__hover_enabled=&#8221;off&#8221; button_border_radius__hover_enabled=&#8221;off&#8221; button_one_border_radius__hover_enabled=&#8221;off&#8221; button_two_border_radius__hover_enabled=&#8221;off&#8221; button_letter_spacing__hover_enabled=&#8221;off&#8221; button_one_letter_spacing__hover_enabled=&#8221;off&#8221; button_two_letter_spacing__hover_enabled=&#8221;off&#8221; button_bg_color__hover_enabled=&#8221;off&#8221; button_one_bg_color__hover_enabled=&#8221;off&#8221; button_two_bg_color__hover_enabled=&#8221;off&#8221;][\/et_pb_contact_field][et_pb_contact_field field_id=&#8221;gdpr&#8221; field_title=&#8221;Skladka*&#8221; field_type=&#8221;checkbox&#8221; checkbox_options=&#8221;%91{%22value%22:%22Przeczytalem i akceptuje to o\u015bwiadczenie ochronie porywatno\u015bci%22,%22checked%22:0,%22dragID%22:-1,%22link_url%22:%22https:\/\/garenal.hu\/adatvedelmi-tajekoztato\/%22}%93&#8243; fullwidth_field=&#8221;on&#8221; _builder_version=&#8221;4.14.2&#8243; _module_preset=&#8221;default&#8221; global_colors_info=&#8221;{}&#8221;][\/et_pb_contact_field][\/et_pb_contact_form][\/et_pb_column][et_pb_column type=&#8221;2_5&#8243; _builder_version=&#8221;3.25&#8243; custom_padding=&#8221;|||&#8221; global_colors_info=&#8221;{}&#8221; custom_padding__hover=&#8221;|||&#8221;][et_pb_blurb title=&#8221;Nasz kontakt telefoniczky&#8221; content_max_width=&#8221;100%&#8221; _builder_version=&#8221;4.14.2&#8243; header_font=&#8221;DM Sans|600||on|||||&#8221; header_text_align=&#8221;center&#8221; header_text_color=&#8221;#000000&#8243; header_font_size=&#8221;18px&#8221; header_line_height=&#8221;1.8em&#8221; body_font=&#8221;DM Sans|700|||||||&#8221; body_text_align=&#8221;center&#8221; body_text_color=&#8221;#00AA9D&#8221; body_font_size=&#8221;30px&#8221; body_line_height=&#8221;1.9em&#8221; body_link_text_color=&#8221;#00AA9D&#8221; custom_margin=&#8221;||45px|||&#8221; custom_padding=&#8221;50px|43px|44px|43px|false|true&#8221; custom_padding_tablet=&#8221;&#8221; custom_padding_phone=&#8221;|30px||30px||true&#8221; custom_padding_last_edited=&#8221;on|phone&#8221; body_font_size_tablet=&#8221;&#8221; body_font_size_phone=&#8221;25px&#8221; body_font_size_last_edited=&#8221;on|desktop&#8221; box_shadow_style=&#8221;preset1&#8243; box_shadow_blur=&#8221;77px&#8221; box_shadow_spread=&#8221;9px&#8221; box_shadow_color=&#8221;rgba(84,84,84,0.09)&#8221; global_colors_info=&#8221;{}&#8221;]<\/p>\n<p><a href=\"tel:+36312001823%20\">+36 70 333 90 38<\/a><\/p>\n<p>[\/et_pb_blurb][et_pb_blurb title=&#8221;E-mail&#8221; content_max_width=&#8221;100%&#8221; _builder_version=&#8221;4.14.2&#8243; header_font=&#8221;DM Sans|600||on|||||&#8221; header_text_align=&#8221;center&#8221; header_text_color=&#8221;#000000&#8243; header_font_size=&#8221;18px&#8221; header_line_height=&#8221;1.8em&#8221; body_font=&#8221;DM Sans|700|||||||&#8221; body_text_align=&#8221;center&#8221; body_text_color=&#8221;#00AA9D&#8221; body_font_size=&#8221;30px&#8221; body_line_height=&#8221;1.9em&#8221; body_link_text_color=&#8221;#00AA9D&#8221; custom_padding=&#8221;50px|43px|44px|43px|false|true&#8221; custom_padding_tablet=&#8221;&#8221; custom_padding_phone=&#8221;|30px||30px||true&#8221; custom_padding_last_edited=&#8221;on|phone&#8221; body_font_size_tablet=&#8221;&#8221; body_font_size_phone=&#8221;25px&#8221; body_font_size_last_edited=&#8221;on|desktop&#8221; box_shadow_style=&#8221;preset1&#8243; box_shadow_blur=&#8221;77px&#8221; box_shadow_spread=&#8221;9px&#8221; box_shadow_color=&#8221;rgba(84,84,84,0.09)&#8221; global_colors_info=&#8221;{}&#8221;]<\/p>\n<p><a href=\"mailto:info@garenal.eu\">info@garenal.eu<\/a><\/p>\n<p>[\/et_pb_blurb][\/et_pb_column][\/et_pb_row][\/et_pb_section]<\/p>\n","protected":false},"excerpt":{"rendered":"<p>+36 70 333 90 38info@garenal.eu<\/p>\n","protected":false},"author":6,"featured_media":0,"parent":0,"menu_order":0,"comment_status":"closed","ping_status":"closed","template":"","meta":{"_et_pb_use_builder":"on","_et_pb_old_content":"","_et_gb_content_width":"","inline_featured_image":false,"footnotes":""},"class_list":["post-50581","page","type-page","status-publish","hentry"],"yoast_head":"<!-- This site is optimized with the Yoast SEO Premium plugin v15.2.1 - https:\/\/yoast.com\/wordpress\/plugins\/seo\/ -->\n<title>Kontakt | Garenal<\/title>\n<meta name=\"description\" content=\"K\u00e9rd\u00e9sed lenne? Net\u00e1n elakadt\u00e1l? Jobban megszeretn\u00e9d ismerni a GARENAL term\u00e9keket? Vedd fel vel\u00fcnk a kapcsolatot, el\u00e9rhet\u0151s\u00e9g\u00fcnk egyik\u00e9n!\" \/>\n<meta name=\"robots\" content=\"index, follow, max-snippet:-1, max-image-preview:large, max-video-preview:-1\" \/>\n<link rel=\"canonical\" href=\"https:\/\/garenal.hu\/pl\/kontakt\/\" \/>\n<meta property=\"og:locale\" content=\"pl_PL\" \/>\n<meta property=\"og:type\" content=\"article\" \/>\n<meta property=\"og:title\" content=\"Kontakt | Garenal\" \/>\n<meta property=\"og:description\" content=\"K\u00e9rd\u00e9sed lenne? Net\u00e1n elakadt\u00e1l? Jobban megszeretn\u00e9d ismerni a GARENAL term\u00e9keket? Vedd fel vel\u00fcnk a kapcsolatot, el\u00e9rhet\u0151s\u00e9g\u00fcnk egyik\u00e9n!\" \/>\n<meta property=\"og:url\" content=\"https:\/\/garenal.hu\/pl\/kontakt\/\" \/>\n<meta property=\"og:site_name\" content=\"Garenal\" \/>\n<meta property=\"article:modified_time\" content=\"2023-01-11T09:13:03+00:00\" \/>\n<meta property=\"og:image\" content=\"https:\/\/garenal.hu\/wp-content\/uploads\/2021\/09\/garenal-fejlec-hatter4.png\" \/>\n\t<meta property=\"og:image:width\" content=\"1920\" \/>\n\t<meta property=\"og:image:height\" content=\"780\" \/>\n<meta name=\"twitter:card\" content=\"summary_large_image\" \/>\n<meta name=\"twitter:label1\" content=\"Napisane przez\">\n\t<meta name=\"twitter:data1\" content=\"Buga Marcell\">\n\t<meta name=\"twitter:label2\" content=\"Szacowany czas czytania\">\n\t<meta name=\"twitter:data2\" content=\"6 minut\">\n<script type=\"application\/ld+json\" class=\"yoast-schema-graph\">{\"@context\":\"https:\/\/schema.org\",\"@graph\":[{\"@type\":\"Organization\",\"@id\":\"https:\/\/garenal.hu\/#organization\",\"name\":\"Eg\\u00e9szs\\u00e9gfigyel\\u0151\",\"url\":\"https:\/\/garenal.hu\/\",\"sameAs\":[],\"logo\":{\"@type\":\"ImageObject\",\"@id\":\"https:\/\/garenal.hu\/#logo\",\"inLanguage\":\"pl-PL\",\"url\":\"https:\/\/garenal.hu\/wp-content\/uploads\/2021\/08\/egeszsegfigyelo_logo_h.png\",\"width\":351,\"height\":93,\"caption\":\"Eg\\u00e9szs\\u00e9gfigyel\\u0151\"},\"image\":{\"@id\":\"https:\/\/garenal.hu\/#logo\"}},{\"@type\":\"WebSite\",\"@id\":\"https:\/\/garenal.hu\/#website\",\"url\":\"https:\/\/garenal.hu\/\",\"name\":\"Eg\\u00e9szs\\u00e9gfigyel\\u0151\",\"description\":\"Frissess\\u00e9g \\u2013 tisztas\\u00e1g \\u2013 regener\\u00e1l\\u00f3d\\u00e1s\",\"publisher\":{\"@id\":\"https:\/\/garenal.hu\/#organization\"},\"potentialAction\":[{\"@type\":\"SearchAction\",\"target\":\"https:\/\/garenal.hu\/?s={search_term_string}\",\"query-input\":\"required name=search_term_string\"}],\"inLanguage\":\"pl-PL\"},{\"@type\":\"WebPage\",\"@id\":\"https:\/\/garenal.hu\/pl\/kontakt\/#webpage\",\"url\":\"https:\/\/garenal.hu\/pl\/kontakt\/\",\"name\":\"Kontakt | Garenal\",\"isPartOf\":{\"@id\":\"https:\/\/garenal.hu\/#website\"},\"datePublished\":\"2021-08-15T18:42:16+00:00\",\"dateModified\":\"2023-01-11T09:13:03+00:00\",\"description\":\"K\\u00e9rd\\u00e9sed lenne? Net\\u00e1n elakadt\\u00e1l? Jobban megszeretn\\u00e9d ismerni a GARENAL term\\u00e9keket? Vedd fel vel\\u00fcnk a kapcsolatot, el\\u00e9rhet\\u0151s\\u00e9g\\u00fcnk egyik\\u00e9n!\",\"inLanguage\":\"pl-PL\",\"potentialAction\":[{\"@type\":\"ReadAction\",\"target\":[\"https:\/\/garenal.hu\/pl\/kontakt\/\"]}]}]}<\/script>\n<!-- \/ Yoast SEO Premium plugin. -->","_links":{"self":[{"href":"https:\/\/garenal.hu\/pl\/wp-json\/wp\/v2\/pages\/50581\/"}],"collection":[{"href":"https:\/\/garenal.hu\/pl\/wp-json\/wp\/v2\/pages\/"}],"about":[{"href":"https:\/\/garenal.hu\/pl\/wp-json\/wp\/v2\/types\/page\/"}],"author":[{"embeddable":true,"href":"https:\/\/garenal.hu\/pl\/wp-json\/wp\/v2\/users\/6\/"}],"replies":[{"embeddable":true,"href":"https:\/\/garenal.hu\/pl\/wp-json\/wp\/v2\/comments\/?post=50581"}],"version-history":[{"count":3,"href":"https:\/\/garenal.hu\/pl\/wp-json\/wp\/v2\/pages\/50581\/revisions\/"}],"predecessor-version":[{"id":50871,"href":"https:\/\/garenal.hu\/pl\/wp-json\/wp\/v2\/pages\/50581\/revisions\/50871\/"}],"wp:attachment":[{"href":"https:\/\/garenal.hu\/pl\/wp-json\/wp\/v2\/media\/?parent=50581"}],"curies":[{"name":"wp","href":"https:\/\/api.w.org\/{rel}","templated":true}]}}